{"id":74,"date":"2019-10-01T13:05:52","date_gmt":"2019-10-01T13:05:52","guid":{"rendered":"https:\/\/sauwald-hotel.de\/en\/?page_id=74"},"modified":"2025-02-25T11:56:33","modified_gmt":"2025-02-25T11:56:33","slug":"imprint","status":"publish","type":"page","link":"https:\/\/sauwald-hotel.de\/en\/imprint\/","title":{"rendered":"Imprint"},"content":{"rendered":"\n<p><code>var UC_UI_SUPPRESS_CMP_DISPLAY=true;<\/code><\/p>\n\n\n\n<div id=\"impressum\">\n<p><strong>According to <acronym title=\"Paragraph\">\u00a7<\/acronym> 5 <abbr title=\"Telemediengesetz\">TMG<\/abbr><\/strong><\/p>\n<p><strong>St\u00f6ckels Genussmomente <abbr title=\"Gesellschaft mit beschr\u00e4nkter Haftung\">GmbH<\/abbr><\/strong><br \/>Annaberger Stra\u00dfe 52<br \/>09468 Tannenberg<br \/>Germany<\/p>\n<p><strong>Phone:<\/strong> <a class=\"telefonnr\" href=\"tel:+493733 569990\">+49 3733 569990<\/a><br \/><strong>E-Mail:<\/strong> <a href=\"javascript:DeCryptX('1j3q1g0o0@0s1b1v3z0a3o1e2\/3k1p1u1f1m0.0c1p1n')\">info[at]sauwald-hotel.com<\/a><\/p>\n<p><strong>Managers:<\/strong> Christian St\u00f6ckel, Philipp St\u00f6ckel, Maximilian St\u00f6ckel<\/p>\n<p><strong>Register: <\/strong>Amtsgericht Chemnitz | Postfach 524 | 09005 Chemnitz<br \/><strong>Commercial register number:<\/strong> <abbr title=\"Handelsregisterabteilung B\">HRB<\/abbr> 32081<br \/><strong>Tax number:<\/strong> 21712000322<\/p>\n<p><strong>Pictures:<\/strong> We <span lang=\"en\">thank the photographers for the pictures provided<\/span>.<br \/><a class=\"extern\" href=\"https:\/\/de.dreamstime.com\/goodluz_info\" target=\"_blank\" rel=\"noopener noreferrer\">ID 15444875 \u00a9 Goodluz<\/a> | Dreamstime.com<br \/><a class=\"extern\" href=\"https:\/\/de.dreamstime.com\/ebolyukh_info&quot;\" target=\"_blank\" rel=\"noopener noreferrer\">ID 29066756 \u00a9 Evgenia Bolyukh<\/a> | Dreamstime.com<br \/><a class=\"extern\" href=\"https:\/\/de.dreamstime.com\/racorn_info&quot;\" target=\"_blank\" rel=\"noopener noreferrer\">ID 31343256 \u00a9 Racorn<\/a> | Dreamstime.com<br \/><a class=\"extern\" href=\"https:\/\/de.dreamstime.com\/arne9001_info&quot;\" target=\"_blank\" rel=\"noopener noreferrer\">ID 15159325 \u00a9 Arne9001<\/a> | Dreamstime.com<br \/><a class=\"extern\" href=\"https:\/\/de.dreamstime.com\/mikdam_info&quot;\" target=\"_blank\" rel=\"noopener noreferrer\">ID 14143656 \u00a9 Mikael Damkier<\/a> | Dreamstime.com<br \/><a class=\"extern\" href=\"https:\/\/de.dreamstime.com\/digieye_info\" target=\"_blank\" rel=\"noopener noreferrer\">ID 17428293\u00a9 Digieye<\/a> | Dreamstime.com <br \/><a class=\"extern\" href=\"https:\/\/de.dreamstime.com\/photopal604_info\" target=\"_blank\" rel=\"noopener noreferrer\">ID 54013056 \u00a9 Photopal604<\/a> | Dreamstime.com<\/p>\n<p><strong>Web design:<\/strong> <a class=\"extern\" title=\"Webdesign mit Pep aus dem Erzgebirge - Werbeagentur Pepsite, Drebach!\" href=\"http:\/\/www.pepsite.de\">Pepsite @ Korinna Triemer<\/a><\/p>\n<\/div>\n<div id=\"haftung\">\n<p><strong>Dispute settlement<br \/><\/strong>The European Commission provides aplatform for online dispute resolution (OS): <a class=\"extern\" href=\"https:\/\/ec.europa.eu\/consumers\/odr\/\" target=\"_blank\" rel=\"noopener noreferrer\">https:\/\/ec.europa.eu\/consumers\/odr\/<\/a>. <br \/>You can find our email address in the imprint above.<\/p>\n<\/div>\n<p>We are not willing or obliged to participate in dispute resolution proceedings before a consumer arbitration board.&gt;<\/p>\n<div id=\"haftung\">\n<p><strong>Liability for content<\/strong><br \/>As a service provider, we are responsible for our own content on these pages in accordance with Section 7 (1) of the German Telemedia Act. According to \u00a7\u00a7 8 to 10 TMG, we as a service provider are not obliged to monitor transmitted or stored third-party information or to research circumstances that indicate illegal activity. Obligations to remove or block the use of information according to general laws remain unaffected.<\/p>\n<p>However, liability in this regard is only possible from the time we become aware of a specific legal violation. As soon as we become aware of such violations, we will remove this content immediately.<\/p>\n<p><strong>Liability for links<\/strong><br \/>Our offer contains links to external websites of third parties, the content of which we have no influence on. For this reason, we cannot accept any liability for this external content. The respective provider or operator is always responsible for the content of the linked pages. The linked pages were checked for possible legal violations at the time the link was created. No illegal content was discernible at the time the link was created.<\/p>\n<p>A permanent control of the content of the linked pages is not reasonable without concrete evidence of an infringement. As soon as we become aware of legal violations, we will remove such links immediately.<\/p>\n<\/div>\n<p><strong>Copyright<\/strong><br \/>The content and works on these pages created by the site operator are subject to German copyright law. The duplication, processing, distribution and any kind of use beyond the limits of copyright law require the written consent of the respective author or creator. Downloads and copies of this page are only permitted for private, non-commercial use.<\/p>\n<p>As far as the content on this page was not created by the operator, the copyrights of third parties are respected. In particular contents of third parties are marked as such. Should you nevertheless become aware of a copyright infringement, please let us know. As soon as we become aware of legal violations, we will remove such content immediately.<\/p>\n","protected":false},"excerpt":{"rendered":"<p>var UC_UI_SUPPRESS_CMP_DISPLAY=true; According to \u00a7 5 TMG St\u00f6ckels Genussmomente GmbHAnnaberger Stra\u00dfe 5209468 TannenbergGermany Phone: +49 3733 569990E-Mail: info[at]sauwald-hotel.com Managers: Christian&hellip; <\/p>\n","protected":false},"author":1,"featured_media":0,"parent":0,"menu_order":17,"comment_status":"closed","ping_status":"closed","template":"","meta":{"advgb_blocks_editor_width":"","advgb_blocks_columns_visual_guide":"","footnotes":""},"coauthors":[],"author_meta":{"author_link":"https:\/\/sauwald-hotel.de\/en\/author\/masteradmin\/","display_name":"masteradmin"},"relative_dates":{"created":"Posted 7 years ago","modified":"Updated 1 year ago"},"absolute_dates":{"created":"Posted on October 1, 2019","modified":"Updated on February 25, 2025"},"absolute_dates_time":{"created":"Posted on October 1, 2019 1:05 pm","modified":"Updated on February 25, 2025 11:56 am"},"featured_img_caption":"","featured_img":false,"series_order":"","publishpress_future_action":{"enabled":false,"date":"2026-05-22 11:35:00","action":"change-status","newStatus":"draft","terms":[],"taxonomy":""},"publishpress_future_workflow_manual_trigger":{"enabledWorkflows":[]},"_links":{"self":[{"href":"https:\/\/sauwald-hotel.de\/en\/wp-json\/wp\/v2\/pages\/74"}],"collection":[{"href":"https:\/\/sauwald-hotel.de\/en\/wp-json\/wp\/v2\/pages"}],"about":[{"href":"https:\/\/sauwald-hotel.de\/en\/wp-json\/wp\/v2\/types\/page"}],"author":[{"embeddable":true,"href":"https:\/\/sauwald-hotel.de\/en\/wp-json\/wp\/v2\/users\/1"}],"replies":[{"embeddable":true,"href":"https:\/\/sauwald-hotel.de\/en\/wp-json\/wp\/v2\/comments?post=74"}],"version-history":[{"count":9,"href":"https:\/\/sauwald-hotel.de\/en\/wp-json\/wp\/v2\/pages\/74\/revisions"}],"predecessor-version":[{"id":1089,"href":"https:\/\/sauwald-hotel.de\/en\/wp-json\/wp\/v2\/pages\/74\/revisions\/1089"}],"wp:attachment":[{"href":"https:\/\/sauwald-hotel.de\/en\/wp-json\/wp\/v2\/media?parent=74"}],"curies":[{"name":"wp","href":"https:\/\/api.w.org\/{rel}","templated":true}]}}