{"id":57,"date":"2019-09-30T09:49:48","date_gmt":"2019-09-30T09:49:48","guid":{"rendered":"https:\/\/sauwald-hotel.de\/en\/?page_id=57"},"modified":"2025-10-11T08:25:36","modified_gmt":"2025-10-11T08:25:36","slug":"menu","status":"publish","type":"page","link":"https:\/\/sauwald-hotel.de\/en\/menu\/","title":{"rendered":"Menu"},"content":{"rendered":"\n<p>With an excerpt from our menu we would like to show you the versatility of our offer. If you already get an appetite while reading, there is only one thing that helps you: To the Waldgasthof and Hotel &#8220;Am Sauwald&#8221; &#8211; an experience in every season.<\/p>\n<p>&nbsp;<\/p>\n\n\n\n\n\n<div style=\"height:50px\" aria-hidden=\"true\" class=\"wp-block-spacer\"><\/div>\n\n\n\n<div class=\"wp-block-advgb-accordions advgb-accordions-c9e94ba7-ea3f-49b2-96ba-7b5e61038db3 advgb-accordion-wrapper\" data-collapsed=\"true\">\n<div class=\"wp-block-advgb-accordion-item advgb-accordion-item\" style=\"margin-bottom:10px\"><div class=\"advgb-accordion-header\" style=\"background-color:#1d461d;color:#8db45c;border-style:solid;border-width:1px;border-color:#336633;border-radius:2px\"><span class=\"advgb-accordion-header-icon accordion-state\"><svg fill=\"#8db45c\" xmlns=\"http:\/\/www.w3.org\/2000\/svg\" width=\"24\" height=\"24\" viewBox=\"0 0 24 24\"><path fill=\"none\" d=\"M24,24H0L0,0l24,0V24z\"><\/path><path d=\"M16.59,8.59L12,13.17L7.41,8.59L6,10l6,6l6-6L16.59,8.59z\"><\/path><\/svg><svg fill=\"#8db45c\" xmlns=\"http:\/\/www.w3.org\/2000\/svg\" width=\"24\" height=\"24\" viewBox=\"0 0 24 24\"><path fill=\"none\" d=\"M24,24H0L0,0l24,0V24z\"><\/path><path d=\"M7.41,15.41L12,10.83l4.59,4.58L18,14l-6-6l-6,6L7.41,15.41z\"><\/path><\/svg><\/span><h4 class=\"advgb-accordion-header-title\" style=\"color:inherit\">Starters<\/h4><\/div><div class=\"advgb-accordion-body\" style=\"background-color:#44753b;color:#ffffff;border-style:solid !important;border-width:1px !important;border-color:#336633 !important;border-top:none !important;border-radius:2px !important\">\n<div class=\"table\">\n<div class=\"table-row\">\n<div class=\"table-cell thead\">Solyanka &#8211; tomato and sausage stew<\/div>\n<div class=\"table-cell\">7,00 \u20ac<\/div>\n<\/div>\n<div class=\"table-row\">\n<div class=\"table-cell thead\">Mushroom cream soup with crostini<\/div>\n<div class=\"table-cell\">7,00 \u20ac<\/div>\n<\/div>\n<div class=\"table-row\">\n<div class=\"table-cell thead\">Grandma\u00b4s Style marinated salads<\/div>\n<div class=\"table-cell\">7,00 \u20ac<\/div>\n<\/div>\n<\/div>\n<\/div><\/div>\n\n\n\n<div class=\"wp-block-advgb-accordion-item advgb-accordion-item\" style=\"margin-bottom:10px\"><div class=\"advgb-accordion-header\" style=\"background-color:#1d461d;color:#8db45c;border-style:solid;border-width:1px;border-color:#336633;border-radius:2px\"><span class=\"advgb-accordion-header-icon accordion-state\"><svg fill=\"#8db45c\" xmlns=\"http:\/\/www.w3.org\/2000\/svg\" width=\"24\" height=\"24\" viewBox=\"0 0 24 24\"><path fill=\"none\" d=\"M24,24H0L0,0l24,0V24z\"><\/path><path d=\"M16.59,8.59L12,13.17L7.41,8.59L6,10l6,6l6-6L16.59,8.59z\"><\/path><\/svg><svg fill=\"#8db45c\" xmlns=\"http:\/\/www.w3.org\/2000\/svg\" width=\"24\" height=\"24\" viewBox=\"0 0 24 24\"><path fill=\"none\" d=\"M24,24H0L0,0l24,0V24z\"><\/path><path d=\"M7.41,15.41L12,10.83l4.59,4.58L18,14l-6-6l-6,6L7.41,15.41z\"><\/path><\/svg><\/span><h4 class=\"advgb-accordion-header-title\" style=\"color:inherit\"> Traditional meals from the Ore Mountains<\/h4><\/div><div class=\"advgb-accordion-body\" style=\"background-color:#44753b;color:#ffffff;border-style:solid !important;border-width:1px !important;border-color:#336633 !important;border-top:none !important;border-radius:2px !important\">\n<div class=\"table\">\n<div class=\"table-row\">\n<div class=\"table-cell thead\">Pork roulade stuffed with ham and sauerkraut, pork gravy, potato dumplings<\/div>\n<div class=\"table-cell\">20,50 \u20ac<\/div>\n<\/div>\n<div class=\"table-row\">\n<div class=\"table-cell thead\">Pork roast in black beer gravy, with glazed carrots and bohemian dumplings<\/div>\n<div class=\"table-cell\">20,50 \u20ac<\/div>\n<\/div>\n<\/div>\n<\/div><\/div>\n\n\n\n<div class=\"wp-block-advgb-accordion-item advgb-accordion-item\" style=\"margin-bottom:10px\"><div class=\"advgb-accordion-header\" style=\"background-color:#1d461d;color:#8db45c;border-style:solid;border-width:1px;border-color:#336633;border-radius:2px\"><span class=\"advgb-accordion-header-icon accordion-state\"><svg fill=\"#8db45c\" xmlns=\"http:\/\/www.w3.org\/2000\/svg\" width=\"24\" height=\"24\" viewBox=\"0 0 24 24\"><path fill=\"none\" d=\"M24,24H0L0,0l24,0V24z\"><\/path><path d=\"M16.59,8.59L12,13.17L7.41,8.59L6,10l6,6l6-6L16.59,8.59z\"><\/path><\/svg><svg fill=\"#8db45c\" xmlns=\"http:\/\/www.w3.org\/2000\/svg\" width=\"24\" height=\"24\" viewBox=\"0 0 24 24\"><path fill=\"none\" d=\"M24,24H0L0,0l24,0V24z\"><\/path><path d=\"M7.41,15.41L12,10.83l4.59,4.58L18,14l-6-6l-6,6L7.41,15.41z\"><\/path><\/svg><\/span><h4 class=\"advgb-accordion-header-title\" style=\"color:inherit\">Pan-fried dishes<\/h4><\/div><div class=\"advgb-accordion-body\" style=\"background-color:#44753b;color:#ffffff;border-style:solid !important;border-width:1px !important;border-color:#336633 !important;border-top:none !important;border-radius:2px !important\">\n<div class=\"table\">\n<div class=\"table-row\">\n<div class=\"table-cell thead\">Escalope of pork stuffed with cooked ham, horseradish, pickled cucumbers and shallots served with roasted potatoes<\/div>\n<div class=\"table-cell\">19,00 \u20ac<\/div>\n<\/div>\n<div class=\"table-row\">\n<div class=\"table-cell thead\">3 pan-fried slices of pork tenderloin with mushrooms and roasted potatoes<\/div>\n<div class=\"table-cell\">20,70 \u20ac<\/div>\n<\/div>\n<div class=\"table-row\">\n<div class=\"table-cell thead\">Farmer steak<br \/>Fried pork loin topped with liver sausage and black pudding, served with horseradish<br \/>sauce and homemade sauerkraut and hash brown potato<\/div>\n<div class=\"table-cell\">19,40 \u20ac<\/div>\n<\/div>\n<\/div>\n<div class=\"table-row\">\n<div class=\"table-cell thead\">An ancient merchant favourite dish<br \/>fried pork filet wrapped in bacon and gratinated with spiced cream cheese, served<br \/>with pasta and mushroom sauce<\/div>\n<div class=\"table-cell thead\">20,70 \u20ac<\/div>\n<\/div>\n<\/div><\/div>\n\n\n\n<div class=\"wp-block-advgb-accordion-item advgb-accordion-item\" style=\"margin-bottom:10px\"><div class=\"advgb-accordion-header\" style=\"background-color:#1d461d;color:#8db45c;border-style:solid;border-width:1px;border-color:#336633;border-radius:2px\"><span class=\"advgb-accordion-header-icon accordion-state\"><svg fill=\"#8db45c\" xmlns=\"http:\/\/www.w3.org\/2000\/svg\" width=\"24\" height=\"24\" viewBox=\"0 0 24 24\"><path fill=\"none\" d=\"M24,24H0L0,0l24,0V24z\"><\/path><path d=\"M16.59,8.59L12,13.17L7.41,8.59L6,10l6,6l6-6L16.59,8.59z\"><\/path><\/svg><svg fill=\"#8db45c\" xmlns=\"http:\/\/www.w3.org\/2000\/svg\" width=\"24\" height=\"24\" viewBox=\"0 0 24 24\"><path fill=\"none\" d=\"M24,24H0L0,0l24,0V24z\"><\/path><path d=\"M7.41,15.41L12,10.83l4.59,4.58L18,14l-6-6l-6,6L7.41,15.41z\"><\/path><\/svg><\/span><h4 class=\"advgb-accordion-header-title\" style=\"color:inherit\">Not just for the vegetarians<\/h4><\/div><div class=\"advgb-accordion-body\" style=\"background-color:#44753b;color:#ffffff;border-style:solid !important;border-width:1px !important;border-color:#336633 !important;border-top:none !important;border-radius:2px !important\">\n<div class=\"table\">\n<div class=\"table-row\">\n<div class=\"table-cell thead\">Tagliatelle with wild herbs pesto, parmesan cheese<\/div>\n<div class=\"table-cell\">16,80 \u20ac<\/div>\n<\/div>\n<div class=\"table-row\">\n<div class=\"table-cell thead\">Salatbowl topped with two kinds of vegan balls <br \/><span class=\"schriftklein\">Pearl barley salad, leaf lettuce, sprouts, sunflower seeds, wild berry dressing<\/span><\/div>\n<div class=\"table-cell\">16,00 \u20ac<\/div>\n<\/div>\n<\/div>\n<\/div><\/div>\n\n\n\n<div class=\"wp-block-advgb-accordion-item advgb-accordion-item\" style=\"margin-bottom:10px\"><div class=\"advgb-accordion-header\" style=\"background-color:#1d461d;color:#8db45c;border-style:solid;border-width:1px;border-color:#336633;border-radius:2px\"><span class=\"advgb-accordion-header-icon accordion-state\"><svg fill=\"#8db45c\" xmlns=\"http:\/\/www.w3.org\/2000\/svg\" width=\"24\" height=\"24\" viewBox=\"0 0 24 24\"><path fill=\"none\" d=\"M24,24H0L0,0l24,0V24z\"><\/path><path d=\"M16.59,8.59L12,13.17L7.41,8.59L6,10l6,6l6-6L16.59,8.59z\"><\/path><\/svg><svg fill=\"#8db45c\" xmlns=\"http:\/\/www.w3.org\/2000\/svg\" width=\"24\" height=\"24\" viewBox=\"0 0 24 24\"><path fill=\"none\" d=\"M24,24H0L0,0l24,0V24z\"><\/path><path d=\"M7.41,15.41L12,10.83l4.59,4.58L18,14l-6-6l-6,6L7.41,15.41z\"><\/path><\/svg><\/span><h4 class=\"advgb-accordion-header-title\" style=\"color:inherit\">Fish specialities<\/h4><\/div><div class=\"advgb-accordion-body\" style=\"background-color:#44753b;color:#ffffff;border-style:solid !important;border-width:1px !important;border-color:#336633 !important;border-top:none !important;border-radius:2px !important\">\n<div class=\"table\">\n<div class=\"table-row\">\n<div class=\"table-cell thead\">Breaded hake with mashed potatoes and a cucumber salad on the side<\/div>\n<div class=\"table-cell\">18,50 \u20ac<\/div>\n<\/div>\n<div class=\"table-row\">\n<div class=\"table-cell thead\">Pan fried char finished with green pepper served with Turnip puree and<span class=\"HwtZe\" lang=\"en\"><span class=\"jCAhz ChMk0b\"><span class=\"ryNqvb\"> creamed kohlrabi<\/span><\/span><\/span><\/div>\n<div class=\"table-cell\">24,50 \u20ac<\/div>\n<\/div>\n<\/div>\n<\/div><\/div>\n\n\n\n<div class=\"wp-block-advgb-accordion-item advgb-accordion-item\" style=\"margin-bottom:10px\"><div class=\"advgb-accordion-header\" style=\"background-color:#1d461d;color:#8db45c;border-style:solid;border-width:1px;border-color:#336633;border-radius:2px\"><span class=\"advgb-accordion-header-icon accordion-state\"><svg fill=\"#8db45c\" xmlns=\"http:\/\/www.w3.org\/2000\/svg\" width=\"24\" height=\"24\" viewBox=\"0 0 24 24\"><path fill=\"none\" d=\"M24,24H0L0,0l24,0V24z\"><\/path><path d=\"M16.59,8.59L12,13.17L7.41,8.59L6,10l6,6l6-6L16.59,8.59z\"><\/path><\/svg><svg fill=\"#8db45c\" xmlns=\"http:\/\/www.w3.org\/2000\/svg\" width=\"24\" height=\"24\" viewBox=\"0 0 24 24\"><path fill=\"none\" d=\"M24,24H0L0,0l24,0V24z\"><\/path><path d=\"M7.41,15.41L12,10.83l4.59,4.58L18,14l-6-6l-6,6L7.41,15.41z\"><\/path><\/svg><\/span><h4 class=\"advgb-accordion-header-title\" style=\"color:inherit\">Ice cream &amp; cake<\/h4><\/div><div class=\"advgb-accordion-body\" style=\"background-color:#44753b;color:#ffffff;border-style:solid !important;border-width:1px !important;border-color:#336633 !important;border-top:none !important;border-radius:2px !important\">\n<div class=\"table\">\n<div class=\"table-row\">\n<div class=\"table-cell thead\">Sauwald cake<br \/><span class=\"schriftklein\">Creamy chocolate ganache with homemade wild berry jam and cranberry wine cream<\/span><\/div>\n<div class=\"table-cell\">4,90 \u20ac<\/div>\n<\/div>\n<div class=\"table-row\">\n<div class=\"table-cell thead\">vanille and chocolate ice cream topped with whipped cream and home-made chocolate sauce<\/div>\n<div class=\"table-cell\">5,50 \u20ac<\/div>\n<\/div>\n<div class=\"table-row\">\n<div class=\"table-cell thead\">2 scoops of vanilla ice cream with warm raspberries<\/div>\n<div class=\"table-cell\">7,90 \u20ac<\/div>\n<\/div>\n<div class=\"table-row\">\n<div class=\"table-cell thead\">Sauwaldbecher<br \/><span class=\"schriftklein\">1 scoop wild berries sorbet, 1 scoop yoghurt ice cream, 1 scoop of blueberry sorbet, served on forest berry cocktail, topped with whipped cream<br \/><\/span><\/div>\n<div class=\"table-cell\">9,90 \u20ac<\/div>\n<\/div>\n<\/div>\n<\/div><\/div>\n\n\n\n<div class=\"wp-block-advgb-accordion-item advgb-accordion-item\" style=\"margin-bottom:10px\"><div class=\"advgb-accordion-header\" style=\"background-color:#1d461d;color:#8db45c;border-style:solid;border-width:1px;border-color:#336633;border-radius:2px\"><span class=\"advgb-accordion-header-icon accordion-state\"><svg fill=\"#8db45c\" xmlns=\"http:\/\/www.w3.org\/2000\/svg\" width=\"24\" height=\"24\" viewBox=\"0 0 24 24\"><path fill=\"none\" d=\"M24,24H0L0,0l24,0V24z\"><\/path><path d=\"M16.59,8.59L12,13.17L7.41,8.59L6,10l6,6l6-6L16.59,8.59z\"><\/path><\/svg><svg fill=\"#8db45c\" xmlns=\"http:\/\/www.w3.org\/2000\/svg\" width=\"24\" height=\"24\" viewBox=\"0 0 24 24\"><path fill=\"none\" d=\"M24,24H0L0,0l24,0V24z\"><\/path><path d=\"M7.41,15.41L12,10.83l4.59,4.58L18,14l-6-6l-6,6L7.41,15.41z\"><\/path><\/svg><\/span><h4 class=\"advgb-accordion-header-title\" style=\"color:inherit\">Drinks menu<\/h4><\/div><div class=\"advgb-accordion-body\" style=\"background-color:#44753b;color:#ffffff;border-style:solid !important;border-width:1px !important;border-color:#336633 !important;border-top:none !important;border-radius:2px !important\">\n<div class=\"table\">\n<div class=\"table-row\">\n<div class=\"table-cell thead\">Sparkling wine<br \/>Bischof Benno sparkling wine<br \/>Edition Waldgasthof &amp; Hotel \u201eAm Sauwald\u201c<\/div>\n<div class=\"table-cell\">0,1 l<\/div>\n<div class=\"table-cell\">3,40 \u20ac<\/div>\n<\/div>\n<div class=\"table-row\">\n<div class=\"table-cell thead\">Fruit wines from the Ore Mountains<\/div>\n<div class=\"table-cell\">0,1 l <br \/>0,25 l<\/div>\n<div class=\"table-cell\">4,00 \u20ac <br \/>7,50 \u20ac<\/div>\n<\/div>\n<div class=\"table-row\">\n<div class=\"table-cell thead\">Aperol Sprizz -Aperol, Soda, sparkling wine-<\/div>\n<div class=\"table-cell\">20 cl<\/div>\n<div class=\"table-cell\">7,20 \u20ac<\/div>\n<\/div>\n<div class=\"table-row\">\n<div class=\"table-cell thead\">Freiberger Pilsener<\/div>\n<div class=\"table-cell\">0,3 l <br \/>0,5 l<\/div>\n<div class=\"table-cell\">3,30 \u20ac <br \/>5,00 \u20ac<\/div>\n<\/div>\n<div class=\"table-row\">\n<div class=\"table-cell thead\">Radeberger Pilsner<\/div>\n<div class=\"table-cell\">0,3 l <br \/>0,5 l<\/div>\n<div class=\"table-cell\">3,30 \u20ac <br \/>5,00 \u20ac<\/div>\n<\/div>\n<div class=\"table-row\">\n<div class=\"table-cell thead\">Specht dark beer<\/div>\n<div class=\"table-cell\">0,3 l <br \/>0,5 l<\/div>\n<div class=\"table-cell\">3,40 \u20ac <br \/>5,20 \u20ac<\/div>\n<\/div>\n<\/div>\n\n\n\n<div style=\"height:60px\" aria-hidden=\"true\" class=\"wp-block-spacer\"><\/div>\n\n\n\n<div class=\"table\">\n<div class=\"table-row\">\n<div class=\"table-cell thead\">Lemonades<\/div>\n<div class=\"table-cell\">0,3 l <br>0,5 l<\/div>\n<div class=\"table-cell\">2,90 \u20ac <br>4,40 \u20ac<\/div>\n<\/div>\n<div class=\"table-row\">\n<div class=\"table-cell thead\">Fruit Juice<\/div>\n<div class=\"table-cell\">0,2 l <br>0,4 l<\/div>\n<div class=\"table-cell\">2,40 \u20ac <br>4,60 \u20ac<\/div>\n<\/div>\n<\/div>\n\n\n\n<div style=\"height:60px\" aria-hidden=\"true\" class=\"wp-block-spacer\"><\/div>\n\n\n\n<div class=\"table\">\n<div class=\"table-row\">\n<div class=\"table-cell thead\">Bacchus, Th\u00fcringer Weingut, Bad Sulza, Saale-Unstrut<\/div>\n<div class=\"table-cell thead\">Fruity white wine, low acidity, elderflower flavour<\/div>\n<div class=\"table-cell\">0,25 l<\/div>\n<div class=\"table-cell\">7,90 \u20ac<\/div>\n<\/div>\n<div class=\"table-row\">\n<div class=\"table-cell thead\">Altes Schl\u00f6sschen Cuv\u00e9e dry, St. Martin, Rheinland Pfalz <br>Light red wine of Pinot Noir &amp; Dornfelder with an austere touch<\/div>\n<div class=\"table-cell\">0,25 l<\/div>\n<div class=\"table-cell\">6,90 \u20ac<\/div>\n<\/div>\n<\/div>\n\n\n\n<div style=\"height:60px\" aria-hidden=\"true\" class=\"wp-block-spacer\"><\/div>\n\n\n\n<div class=\"table\">\n<div class=\"table-row\">\n<div class=\"table-cell thead\">Cup of coffee<\/div>\n<div class=\"table-cell\">3,10 \u20ac<\/div>\n<\/div>\n<div class=\"table-row\">\n<div class=\"table-cell thead\">Espresso<\/div>\n<div class=\"table-cell\">3,10 \u20ac<\/div>\n<\/div>\n<div class=\"table-row\">\n<div class=\"table-cell thead\">Cappuccino<\/div>\n<div class=\"table-cell\">4,20 \u20ac<\/div>\n<\/div>\n<\/div>\n\n\n\n<div style=\"height:60px\" aria-hidden=\"true\" class=\"wp-block-spacer\"><\/div>\n\n\n\n<div class=\"table\">\n<div class=\"table-row\">\n<div class=\"table-cell thead\">Wildschweinblut -house herb liqueur-<\/div>\n<div class=\"table-cell\">2 cl<\/div>\n<div class=\"table-cell\">2,00 \u20ac<\/div>\n<\/div>\n<div class=\"table-row\">\n<div class=\"table-cell thead\">Local fruit brandy of plum and pear<\/div>\n<div class=\"table-cell\">2 cl<\/div>\n<div class=\"table-cell\">2,50 \u20ac<\/div>\n<\/div>\n<div class=\"table-row\">\n<div class=\"table-cell thead\">Williams pear spirit<\/div>\n<div class=\"table-cell\">2 cl<\/div>\n<div class=\"table-cell\">2,80 \u20ac<\/div>\n<\/div>\n<div class=\"table-row\">\n<div class=\"table-cell thead\">Cognac Hennessy VS<\/div>\n<div class=\"table-cell\">2 cl<\/div>\n<div class=\"table-cell\">4,20 \u20ac<\/div>\n<\/div>\n<\/div>\n<\/div><\/div>\n\n\n\n<div class=\"wp-block-advgb-accordion-item advgb-accordion-item\" style=\"margin-bottom:10px\"><div class=\"advgb-accordion-header\" style=\"background-color:#1d461d;color:#8db45c;border-style:solid;border-width:1px;border-color:#336633;border-radius:2px\"><span class=\"advgb-accordion-header-icon\"><svg fill=\"#8db45c\" xmlns=\"http:\/\/www.w3.org\/2000\/svg\" width=\"24\" height=\"24\" viewBox=\"0 0 24 24\"><path fill=\"none\" d=\"M24,24H0L0,0l24,0V24z\"><\/path><path d=\"M16.59,8.59L12,13.17L7.41,8.59L6,10l6,6l6-6L16.59,8.59z\"><\/path><\/svg><\/span><h4 class=\"advgb-accordion-header-title\" style=\"color:inherit\">wine list<\/h4><\/div><div class=\"advgb-accordion-body\" style=\"background-color:#44753b;color:#ffffff;border-style:solid !important;border-width:1px !important;border-color:#336633 !important;border-top:none !important;border-radius:2px !important\">\n\n<h4>White wine<\/h4>\n<div class=\"table\">\n<div class=\"table-row\">\n<div class=\"table-cell thead\">Weingut Schloss Proschwitz &#8211; Prinz zur Lippe<br>2020 Goldriesling VDP Gutswein<br>0,75 l<\/div>\n<div class=\"table-cell\">33,00 \u20ac<\/div>\n<\/div>\n<div class=\"table-row\">\n<div class=\"table-cell thead\">Weingut Altes Schl\u00f6sschen, St Martin<br>2021 S\u00fcdliche Weinstra\u00dfe Riesling Kabinett dry<br><span class=\"schriftklein\">Lively, fruity summer Riesling<\/span><\/div>\n<div class=\"table-cell\">0,75 l<\/div>\n<div class=\"table-cell\">21,50 \u20ac<\/div>\n<\/div>\n<div class=\"table-row\">\n<div class=\"table-cell thead\">Domdechant Werner\u00b4sches Weingut, Hochheim<br>2019 Riesling<br><span class=\"schriftklein\">lively, fresh Rheingau Riesling, with its typical smooth acidety<\/span><\/div>\n<div class=\"table-cell\">0,75 l<\/div>\n<div class=\"table-cell\">21,90 \u20ac<\/div>\n<\/div>\n<\/div>\n\n\n<h4>Ros\u00e9 wine<\/h4>\n<div class=\"table\">\n<div class=\"table-row\">\n<div class=\"table-cell thead\">Weingut Altes Schl\u00f6sschen, St. Martin<br>2022 Dornfelder ros\u00e9 fine dry<br><span class=\"schriftklein\">full-bodied ros\u00e9 with a fresh fruit note<\/span><\/div>\n<div class=\"table-cell\">0,75 l<\/div>\n<div class=\"table-cell\">20,90 \u20ac<\/div>\n<\/div>\n<\/div>\n\n\n<h4>Red wine<\/h4>\n<div class=\"table\">\n<div class=\"table-row\">\n<div class=\"table-cell thead\">Winzergenossenschaft Mei\u00dfen, Saxony<br>2020 Sp\u00e4tburgunder dry Bereich Mei\u00dfen<br><span class=\"schriftklein\">Notes of pepper and nutmeg on the nose, aromas of berries and almonds on the palate, pleasant tannins<\/span><\/div>\n<div class=\"table-cell\">0,75 l<\/div>\n<div class=\"table-cell\">25,50 \u20ac<\/div>\n<\/div>\n<div class=\"table-row\">\n<div class=\"table-cell thead\">Weingut Altes Schl\u00f6sschen, St. Martin<br>2015 St. Laurent Elegance dry<br><span class=\"schriftklein\">strong fruit aroma of wild cherries, cassis and elegant structure<\/span><\/div>\n<div class=\"table-cell\">0,75 l<\/div>\n<div class=\"table-cell\">24,90 \u20ac<\/div>\n<\/div>\n<\/div>\n\n<\/div><\/div>\n<\/div>\n","protected":false},"excerpt":{"rendered":"<p>With an excerpt from our menu we would like to show you the versatility of our offer. If you already&hellip; <\/p>\n","protected":false},"author":1,"featured_media":0,"parent":0,"menu_order":11,"comment_status":"closed","ping_status":"closed","template":"","meta":{"advgb_blocks_editor_width":"","advgb_blocks_columns_visual_guide":"","footnotes":""},"coauthors":[],"author_meta":{"author_link":"https:\/\/sauwald-hotel.de\/en\/author\/masteradmin\/","display_name":"masteradmin"},"relative_dates":{"created":"Posted 7 years ago","modified":"Updated 6 months ago"},"absolute_dates":{"created":"Posted on September 30, 2019","modified":"Updated on October 11, 2025"},"absolute_dates_time":{"created":"Posted on September 30, 2019 9:49 am","modified":"Updated on October 11, 2025 8:25 am"},"featured_img_caption":"","featured_img":false,"series_order":"","publishpress_future_action":{"enabled":false,"date":"2026-04-24 06:32:00","action":"change-status","newStatus":"draft","terms":[],"taxonomy":""},"publishpress_future_workflow_manual_trigger":{"enabledWorkflows":[]},"_links":{"self":[{"href":"https:\/\/sauwald-hotel.de\/en\/wp-json\/wp\/v2\/pages\/57"}],"collection":[{"href":"https:\/\/sauwald-hotel.de\/en\/wp-json\/wp\/v2\/pages"}],"about":[{"href":"https:\/\/sauwald-hotel.de\/en\/wp-json\/wp\/v2\/types\/page"}],"author":[{"embeddable":true,"href":"https:\/\/sauwald-hotel.de\/en\/wp-json\/wp\/v2\/users\/1"}],"replies":[{"embeddable":true,"href":"https:\/\/sauwald-hotel.de\/en\/wp-json\/wp\/v2\/comments?post=57"}],"version-history":[{"count":45,"href":"https:\/\/sauwald-hotel.de\/en\/wp-json\/wp\/v2\/pages\/57\/revisions"}],"predecessor-version":[{"id":1118,"href":"https:\/\/sauwald-hotel.de\/en\/wp-json\/wp\/v2\/pages\/57\/revisions\/1118"}],"wp:attachment":[{"href":"https:\/\/sauwald-hotel.de\/en\/wp-json\/wp\/v2\/media?parent=57"}],"curies":[{"name":"wp","href":"https:\/\/api.w.org\/{rel}","templated":true}]}}