{"id":33,"date":"2019-09-24T07:03:49","date_gmt":"2019-09-24T07:03:49","guid":{"rendered":"https:\/\/sauwald-hotel.de\/en\/?page_id=33"},"modified":"2022-11-24T13:09:30","modified_gmt":"2022-11-24T13:09:30","slug":"attractions","status":"publish","type":"page","link":"https:\/\/sauwald-hotel.de\/en\/attractions\/","title":{"rendered":"Attractions"},"content":{"rendered":"\n<div style=\"height:30px\" aria-hidden=\"true\" class=\"wp-block-spacer\"><\/div>\n\n\n\n<div class=\"wp-block-columns is-layout-flex wp-container-core-columns-layout-1 wp-block-columns-is-layout-flex\">\n<div class=\"wp-block-column is-layout-flow wp-block-column-is-layout-flow\" style=\"flex-basis:33.33%\">\n<figure class=\"wp-block-image size-medium\"><a href=\"https:\/\/sauwald-hotel.de\/wp-content\/uploads\/2020\/02\/markus-roehling-stolln.jpg\"><img decoding=\"async\" src=\"https:\/\/sauwald-hotel.de\/wp-content\/uploads\/2020\/02\/markus-roehling-stolln-300x212.jpg\" alt=\"\" class=\"wp-image-898\" \/><\/a><\/figure>\n<\/div>\n\n\n\n<div class=\"wp-block-column is-layout-flow wp-block-column-is-layout-flow\" style=\"flex-basis:66.66%\">\n<h3>Markus-R\u00f6hling-Stolln, Frohnau<\/h3>\n<div id=\"block_first\" class=\"block first\">\n<section class=\"left_col\">\n<article class=\"text-1\">\n<p>The Markus R\u00f6hling Stolln Old Time Mining Association (Verein Altbergbau) has opened up a section of the extensive mining district to the public. After riding about 600 meters on the mine tram, visitors get the chance to see impressive remnants from the silver and cobalt mining industry active in the time period from 1733 to 1857 as well as the uranium mining activity of SAG Wismut. The main attraction is a 9 meter high water wheel authentically reconstructed by association members and fully functional.<\/p>\n<\/article>\n<\/section>\n<\/div>\n<p><a class=\"extern\" href=\"https:\/\/www.roehling-stolln.de\/\" target=\"_blank\" rel=\"noopener noreferrer\">Link to Markus-R\u00f6hling-Stolln site<\/a><\/p>\n<\/div>\n<\/div>\n\n\n\n<div class=\"wp-block-columns is-layout-flex wp-container-core-columns-layout-2 wp-block-columns-is-layout-flex\">\n<div class=\"wp-block-column is-layout-flow wp-block-column-is-layout-flow\" style=\"flex-basis:66.66%\">\n<h3>Manufacture of Dreams, Annaberg-Buchholz<\/h3>\n<p>Welcome to the land of dreams ! See, hear, smell, taste, feel &#8211; go through the exhibition and experience it with all your senses &#8211; this is how the folk art exhibition in the Factory of Dreams is intended. The exhibition not only reflects what has been created, but also the act of creation itself: The ingeniously presented objects of the exhibition reflect the dreams of their creators, they interweave the illusions and faith with interpretations of everyday life, thus creating a dream world &#8211; you are invited to immerse yourself into this world and let yourself be captivated by the magic of the exhibition &#8211; create your own dream world! We are happy to inspire you by the lightness of presentations and start dreaming.<\/p>\n<p><a class=\"extern\" href=\"https:\/\/www.annaberg-buchholz.de\/manufaktur-der-traeume\/\" target=\"_blank\" rel=\"noopener noreferrer\">Link to Manufacture of Dreams<\/a><\/p>\n<\/div>\n\n\n\n<div class=\"wp-block-column is-layout-flow wp-block-column-is-layout-flow\" style=\"flex-basis:33.33%\">\n<figure class=\"wp-block-image size-medium\"><a href=\"https:\/\/sauwald-hotel.de\/wp-content\/uploads\/2020\/02\/manufaktur-der-traeume-1024x682.jpg\"><img decoding=\"async\" src=\"https:\/\/sauwald-hotel.de\/wp-content\/uploads\/2020\/02\/manufaktur-der-traeume-300x200.jpg\" alt=\"\" class=\"wp-image-897\" \/><\/a><\/figure>\n<\/div>\n<\/div>\n\n\n\n<div class=\"wp-block-columns is-layout-flex wp-container-core-columns-layout-3 wp-block-columns-is-layout-flex\">\n<div class=\"wp-block-column is-layout-flow wp-block-column-is-layout-flow\" style=\"flex-basis:33.33%\">\n<figure class=\"wp-block-image size-medium\"><a href=\"https:\/\/sauwald-hotel.de\/wp-content\/uploads\/2020\/02\/modellbahn.jpg\"><img decoding=\"async\" src=\"https:\/\/sauwald-hotel.de\/wp-content\/uploads\/2020\/02\/modellbahn-300x200.jpg\" alt=\"\" class=\"wp-image-902\" \/><\/a><\/figure>\n<\/div>\n\n\n\n<div class=\"wp-block-column is-layout-flow wp-block-column-is-layout-flow\" style=\"flex-basis:66.66%\">\n<h3>Modellbahnland, Thermalbad Wiesenbad OT Sch\u00f6nfeld<\/h3>\n<p>The historic district of Annaberg is shown in a scale of 1:32 on an area of \u200b\u200b770 square meters. On the 3-dimensional map, 30 trains and shunting units run on approx. 660 meters of tracks using digital or computer control. The complex reflects the time around 1980, which is evident, among other things, in the design of the landscape, the locomotives and cars, the buildings, bridges, streets and people.<\/p>\n<p><a class=\"extern\" href=\"https:\/\/www.modellbahnland-erzgebirge.de\/\" target=\"_blank\" rel=\"noopener noreferrer\">Link to Modellbahnland<\/a><\/p>\n<\/div>\n<\/div>\n\n\n\n<div class=\"wp-block-columns is-layout-flex wp-container-core-columns-layout-4 wp-block-columns-is-layout-flex\">\n<div class=\"wp-block-column is-layout-flow wp-block-column-is-layout-flow\" style=\"flex-basis:66.66%\">\n<h3>Schlettau Palace, Schlettau<\/h3>\n<p>The Schlettau Palace in the upper Ore Mountains is located on the historically significant roads of Salzstra\u00dfe, Silberstra\u00dfe and Deutsche Alleenstra\u00dfe &#8211; which are also very popular with tourists. The buildings were constructed from the 14th to the 18th centuries in the Gothic, Renaissance, and Baroque styles with the origin of the place going back to an 11th century castle. The beautiful, lofty palace and neighboring manor house are located in a romantic park whose two ponds reflect the beautiful old trees of the property. The multifaceted interiors of the palace complex&#8217;s buildings with spaces lovingly set up in the original historic style. The richly adorned entry doors of the great hall or the mighty walls of the wine cellar bear witness to the palace&#8217;s colorful history.<\/p>\n<p><a class=\"extern\" href=\"https:\/\/www.schloss-schlettau.de\/\" target=\"_blank\" rel=\"noopener noreferrer\">Link to Schloss Schlettau, Schlettau<\/a><\/p>\n<\/div>\n\n\n\n<div class=\"wp-block-column is-layout-flow wp-block-column-is-layout-flow\" style=\"flex-basis:33.33%\">\n<figure class=\"wp-block-image size-medium\"><a href=\"https:\/\/sauwald-hotel.de\/wp-content\/uploads\/2020\/02\/schloss-schlettau.jpg\"><img decoding=\"async\" src=\"https:\/\/sauwald-hotel.de\/wp-content\/uploads\/2020\/02\/schloss-schlettau-300x226.jpg\" alt=\"\" class=\"wp-image-904\" \/><\/a><\/figure>\n<\/div>\n<\/div>\n\n\n\n<div class=\"wp-block-columns is-layout-flex wp-container-core-columns-layout-5 wp-block-columns-is-layout-flex\">\n<div class=\"wp-block-column is-layout-flow wp-block-column-is-layout-flow\" style=\"flex-basis:33.33%\">\n<figure class=\"wp-block-image size-medium\"><a href=\"https:\/\/sauwald-hotel.de\/wp-content\/uploads\/2019\/12\/sankt-annenkirche.jpg\"><img decoding=\"async\" src=\"https:\/\/sauwald-hotel.de\/wp-content\/uploads\/2019\/12\/sankt-annenkirche-300x207.jpg\" alt=\"\" class=\"wp-image-546\" \/><\/a><\/figure>\n<\/div>\n\n\n\n<div class=\"wp-block-column is-layout-flow wp-block-column-is-layout-flow\" style=\"flex-basis:66.66%\">\n<h3>The region center of Annaberg-Buchholz<\/h3>\n<p>With the mountain and Adam Ries city of Annaberg-Buchholz, you not only have the capital of the Ore Mountains only 5 km away from our hotel, but also a picturesque destination. Be it to visit the many museums in the city, for a shopping stroll through the old town or to enjoy a wonderful panorama of the Ore Mountains from the P\u00f6hlberg. We would be happy to arrange city tours and entrance tickets for you.<\/p>\n<p><a class=\"extern\" href=\"https:\/\/www.annaberg-buchholz.de\/\" target=\"_blank\" rel=\"noopener noreferrer\">Link to tourist information of Annaberg-Buchholz<\/a><\/p>\n<\/div>\n<\/div>\n\n\n\n<div class=\"wp-block-columns is-layout-flex wp-container-core-columns-layout-6 wp-block-columns-is-layout-flex\">\n<div class=\"wp-block-column is-layout-flow wp-block-column-is-layout-flow\" style=\"flex-basis:66.66%\">\n<h3>The Miriquidi-Therme Thermalbad Wiesenbad<\/h3>\n<p>Thermalbad Wiesenbad has more than 500 years of tradition in spa and bathing. As early as around 1500 years, a shepherd is said to have discovered a warm spring in what was then Rosenaue &#8211; a clearing in the dark Miriquidi forest.<\/p>\n<p>Thermalbad Wiesenbad is one of 3 thermal baths in the Ore Mountains. Just 8 km from our hotel you can relax in the 26 \u00b0 C warm, fluoride-containing water. The offer is rounded off by a sauna, steam grotto and light therapy.<\/p>\n<p><a class=\"extern\" href=\"https:\/\/www.wiesenbad.de\" target=\"_blank\" rel=\"noopener noreferrer\">Link to Thermalbad Wiesenbad<\/a><\/p>\n<\/div>\n\n\n\n<div class=\"wp-block-column is-layout-flow wp-block-column-is-layout-flow\" style=\"flex-basis:33.33%\">\n<figure class=\"wp-block-image size-medium\"><a href=\"https:\/\/sauwald-hotel.de\/wp-content\/uploads\/2020\/02\/thermalbad.jpg\"><img decoding=\"async\" src=\"https:\/\/sauwald-hotel.de\/wp-content\/uploads\/2020\/02\/thermalbad-300x200.jpg\" alt=\"\" class=\"wp-image-903\" \/><\/a><\/figure>\n<\/div>\n<\/div>\n\n\n\n<div class=\"wp-block-columns is-layout-flex wp-container-core-columns-layout-7 wp-block-columns-is-layout-flex\">\n<div class=\"wp-block-column is-layout-flow wp-block-column-is-layout-flow\" style=\"flex-basis:33.33%\">\n<figure class=\"wp-block-image size-medium\"><a href=\"https:\/\/sauwald-hotel.de\/wp-content\/uploads\/2019\/12\/frohnauer-hammer.jpg\"><img decoding=\"async\" src=\"https:\/\/sauwald-hotel.de\/wp-content\/uploads\/2019\/12\/frohnauer-hammer-300x207.jpg\" alt=\"\" class=\"wp-image-617\" \/><\/a><\/figure>\n<\/div>\n\n\n\n<div class=\"wp-block-column is-layout-flow wp-block-column-is-layout-flow\" style=\"flex-basis:66.66%\">\n<h3>Frohnauer Hammer<\/h3>\n<p>Frohnauer Hammer is one of the most famous destinations and points of interest in the Ore Mountains.<br \/>It is the oldest museum in the city, having arisen from a flour mill constructed in 1436 that later served as a coin and hammer forge. Until 1904, tools for mining and farming were produced here.<br \/>The museum tour starts by showing visitors the historic hammer forge, where the small hammer and functional bellows are demonstrated. An exhibit on the upper floor displays the objects that were once created here. The presentation in the Folk Art Gallery (Volkskunstgalerie) opposite the mill is dedicated to topics involving mining and the folk art of carving. The tour concludes in the manor house completed in 1697. In the living quarters of the former hammer master&#8217;s family, the Martin family, a bobbin lace maker will explain and demonstrate the traditional technique of Ore Mountain bobbin lacemaking.<\/p>\n<p><a class=\"extern\" href=\"https:\/\/www.annaberg-buchholz.de\/de\/kultur\/frohnauer-hammer.php\" target=\"_blank\" rel=\"noopener noreferrer\">Link to Frohnauer Hammer<\/a><\/p>\n<\/div>\n<\/div>\n\n\n\n<div class=\"wp-block-columns is-layout-flex wp-container-core-columns-layout-8 wp-block-columns-is-layout-flex\">\n<div class=\"wp-block-column is-layout-flow wp-block-column-is-layout-flow\" style=\"flex-basis:66.66%\">\n<h3>Fichtelbergbahn<\/h3>\n<p>The Fichtelbergbahn takes you from Cranzahl to the health resort of Oberwiesenthal, the highest town in Germany. The narrow-gauge railway going back to 1897 then leads via Neudorf, Vierenstra\u00dfe, through a large forest area to Kretscham-Rothsehma and Hammerunterwiesenthal. A special highlight of the route is the 110 m long and 23 m high H\u00fcttenbach viaduct before you finally arrive at Oberwiesentahl station.<\/p>\n<p><a class=\"extern\" href=\"https:\/\/www.fichtelbergbahn.de\/fahrplan-tarif\/\" target=\"_blank\" rel=\"noopener noreferrer\">Link to the train schedule<\/a><\/p>\n<\/div>\n\n\n\n<div class=\"wp-block-column is-layout-flow wp-block-column-is-layout-flow\" style=\"flex-basis:33.33%\">\n<figure class=\"wp-block-image size-medium\"><a href=\"https:\/\/sauwald-hotel.de\/wp-content\/uploads\/2020\/02\/fichtelbergbahn.jpg\"><img decoding=\"async\" src=\"https:\/\/sauwald-hotel.de\/wp-content\/uploads\/2020\/02\/fichtelbergbahn-300x200.jpg\" alt=\"\" class=\"wp-image-894\" \/><\/a><\/figure>\n<\/div>\n<\/div>\n\n\n\n<p><a href=\"https:\/\/sauwald-hotel.de\/en\/the-ore-mountains\/\">\u00ab back to the Ore Mountains Experience<\/a><\/p>\n","protected":false},"excerpt":{"rendered":"<p>Markus-R\u00f6hling-Stolln, Frohnau The Markus R\u00f6hling Stolln Old Time Mining Association (Verein Altbergbau) has opened up a section of the extensive&hellip; <\/p>\n","protected":false},"author":1,"featured_media":0,"parent":0,"menu_order":7,"comment_status":"closed","ping_status":"closed","template":"","meta":{"advgb_blocks_editor_width":"","advgb_blocks_columns_visual_guide":"","footnotes":""},"coauthors":[],"author_meta":{"author_link":"https:\/\/sauwald-hotel.de\/en\/author\/masteradmin\/","display_name":"masteradmin"},"relative_dates":{"created":"Posted 7 years ago","modified":"Updated 3 years ago"},"absolute_dates":{"created":"Posted on September 24, 2019","modified":"Updated on November 24, 2022"},"absolute_dates_time":{"created":"Posted on September 24, 2019 7:03 am","modified":"Updated on November 24, 2022 1:09 pm"},"featured_img_caption":"","featured_img":false,"series_order":"","publishpress_future_action":{"enabled":false,"date":"2026-05-13 09:11:14","action":"change-status","newStatus":"draft","terms":[],"taxonomy":""},"publishpress_future_workflow_manual_trigger":{"enabledWorkflows":[]},"_links":{"self":[{"href":"https:\/\/sauwald-hotel.de\/en\/wp-json\/wp\/v2\/pages\/33"}],"collection":[{"href":"https:\/\/sauwald-hotel.de\/en\/wp-json\/wp\/v2\/pages"}],"about":[{"href":"https:\/\/sauwald-hotel.de\/en\/wp-json\/wp\/v2\/types\/page"}],"author":[{"embeddable":true,"href":"https:\/\/sauwald-hotel.de\/en\/wp-json\/wp\/v2\/users\/1"}],"replies":[{"embeddable":true,"href":"https:\/\/sauwald-hotel.de\/en\/wp-json\/wp\/v2\/comments?post=33"}],"version-history":[{"count":6,"href":"https:\/\/sauwald-hotel.de\/en\/wp-json\/wp\/v2\/pages\/33\/revisions"}],"predecessor-version":[{"id":896,"href":"https:\/\/sauwald-hotel.de\/en\/wp-json\/wp\/v2\/pages\/33\/revisions\/896"}],"wp:attachment":[{"href":"https:\/\/sauwald-hotel.de\/en\/wp-json\/wp\/v2\/media?parent=33"}],"curies":[{"name":"wp","href":"https:\/\/api.w.org\/{rel}","templated":true}]}}